{"id":9,"date":"2010-04-09T18:33:48","date_gmt":"2010-04-09T18:33:48","guid":{"rendered":"http:\/\/bielinscy.pl\/blog\/?page_id=9"},"modified":"2021-02-16T21:17:41","modified_gmt":"2021-02-16T20:17:41","slug":"o-nas","status":"publish","type":"page","link":"https:\/\/bielinscy.pl\/blog\/?page_id=9","title":{"rendered":"O nas"},"content":{"rendered":"\n<div class=\"wp-block-image\"><figure class=\"aligncenter\"><a href=\"http:\/\/bielinscy.pl\/blog\/wp-content\/uploads\/bielinscy.jpg\"><img loading=\"lazy\" width=\"1024\" height=\"506\" src=\"http:\/\/bielinscy.pl\/blog\/wp-content\/uploads\/bielinscy-1024x506.jpg\" alt=\"\" class=\"wp-image-4783\" title=\"bielinscy fotografia \u015blubna Pozna\u0144\" srcset=\"https:\/\/bielinscy.pl\/blog\/wp-content\/uploads\/bielinscy-1024x506.jpg 1024w, https:\/\/bielinscy.pl\/blog\/wp-content\/uploads\/bielinscy-300x148.jpg 300w\" sizes=\"(max-width: 1024px) 100vw, 1024px\" \/><\/a><\/figure><\/div>\n\n\n\n<p class=\"has-text-align-right\" style=\"font-size:22px;line-height:2\">Witajcie! jeste\u015bmy Bartek i Ewa &#8211; ma\u0142\u017ce\u0144stwo, fotografowie, mi\u0142o\u015bnicy Toskanii, rodzice ma\u0142ego Feliksa i Leona.<\/p>\n\n\n\n<p class=\"has-text-align-right\" style=\"font-size:22px;line-height:2\">W naszych zdj\u0119ciach staramy si\u0119 uchwyci\u0107 emocj\u0119 &#8211; u\u015bmiech, \u0142z\u0119, skrystalizowan\u0105 mi\u0142o\u015b\u0107&#8230;oraz charakter danej chwili.<\/p>\n\n\n\n<p class=\"has-text-align-right\" style=\"font-size:22px;line-height:2\">Przekaza\u0107 j\u0105 na zdj\u0119ciu w taki spos\u00f3b, by mo\u017cna by\u0142o poczu\u0107 nastr\u00f3j fotografowanej sytuacji czy osoby.<br>Wykonujemy fotoreporta\u017c, jak najmniej pozowania, jak najwi\u0119cej &#8220;Was&#8221;. Ka\u017cde z Was ma w sobie co\u015b, co chcemy pokaza\u0107\u00a0 za pomoc\u0105 zdj\u0119\u0107.<\/p>\n\n\n\n<p class=\"has-text-align-right\" style=\"font-size:22px;line-height:2\"><strong>Zapraszamy na sesj\u0119!<\/strong><br>Ewa i Bartek<\/p>\n\n\n\n<p class=\"has-text-align-right\" style=\"font-size:22px;line-height:2\">tel. 607 526 789<\/p>\n\n\n\n<p class=\"has-text-align-right\" style=\"font-size:22px;line-height:2\"><strong>Portfolio<\/strong><br>Strona g\u0142\u00f3wna: <a title=\"Bielinscy.pl - Fotografia \u015blubna, rodzinna i reporta\u017cowa\" href=\"http:\/\/bielinscy.pl\" target=\"_blank\" rel=\"noopener\">bielinscy.pl<\/a><br>Fotografia architektury: <a title=\"Fotografia architektury i wn\u0119trz\" href=\"http:\/\/fotograf.poznan.pl\" target=\"_blank\" rel=\"noopener\">fotograf.poznan.pl<\/a><br>Portfolio \u015blubne: <a title=\"Fotografia \u015blubna - Bielinscy\" href=\"http:\/\/wedding-photographer.pl\" target=\"_blank\" rel=\"noopener\">wedding-photographer.pl<\/a><\/p>\n\n\n\n<p class=\"has-text-align-right\" style=\"font-size:22px;line-height:2\">p.s. Mieszkamy w Poznaniu, fotografujemy wsz\u0119dzie;)<\/p>\n\n\n\n<p><a href=\"http:\/\/bielinscy.pl\/blog\/wp-content\/uploads\/my.jpeg\">&nbsp;<\/a><\/p>\n","protected":false},"excerpt":{"rendered":"<p>Witajcie! jeste\u015bmy Bartek i Ewa &#8211; ma\u0142\u017ce\u0144stwo, fotografowie, mi\u0142o\u015bnicy Toskanii, rodzice ma\u0142ego Feliksa i Leona. W naszych zdj\u0119ciach staramy si\u0119 uchwyci\u0107 emocj\u0119 &#8211; u\u015bmiech, \u0142z\u0119, skrystalizowan\u0105 mi\u0142o\u015b\u0107&#8230;oraz charakter danej chwili. Przekaza\u0107 j\u0105 na zdj\u0119ciu w taki spos\u00f3b, by mo\u017cna by\u0142o poczu\u0107 nastr\u00f3j fotografowanej sytuacji czy osoby.Wykonujemy fotoreporta\u017c, jak najmniej pozowania, jak najwi\u0119cej &#8220;Was&#8221;. Ka\u017cde z&hellip; <a class=\"more-link\" href=\"https:\/\/bielinscy.pl\/blog\/?page_id=9\">Continue reading <span class=\"screen-reader-text\">O nas<\/span><\/a><\/p>\n","protected":false},"author":1,"featured_media":0,"parent":0,"menu_order":0,"comment_status":"open","ping_status":"open","template":"","meta":{"ngg_post_thumbnail":0},"_links":{"self":[{"href":"https:\/\/bielinscy.pl\/blog\/index.php?rest_route=\/wp\/v2\/pages\/9"}],"collection":[{"href":"https:\/\/bielinscy.pl\/blog\/index.php?rest_route=\/wp\/v2\/pages"}],"about":[{"href":"https:\/\/bielinscy.pl\/blog\/index.php?rest_route=\/wp\/v2\/types\/page"}],"author":[{"embeddable":true,"href":"https:\/\/bielinscy.pl\/blog\/index.php?rest_route=\/wp\/v2\/users\/1"}],"replies":[{"embeddable":true,"href":"https:\/\/bielinscy.pl\/blog\/index.php?rest_route=%2Fwp%2Fv2%2Fcomments&post=9"}],"version-history":[{"count":15,"href":"https:\/\/bielinscy.pl\/blog\/index.php?rest_route=\/wp\/v2\/pages\/9\/revisions"}],"predecessor-version":[{"id":7630,"href":"https:\/\/bielinscy.pl\/blog\/index.php?rest_route=\/wp\/v2\/pages\/9\/revisions\/7630"}],"wp:attachment":[{"href":"https:\/\/bielinscy.pl\/blog\/index.php?rest_route=%2Fwp%2Fv2%2Fmedia&parent=9"}],"curies":[{"name":"wp","href":"https:\/\/api.w.org\/{rel}","templated":true}]}}